{"id":8,"date":"2019-04-17T09:40:21","date_gmt":"2019-04-17T07:40:21","guid":{"rendered":"http:\/\/sklep.voodoo.net.pl\/?page_id=8"},"modified":"2019-04-22T08:31:48","modified_gmt":"2019-04-22T06:31:48","slug":"strona-glowna","status":"publish","type":"page","link":"https:\/\/sklep.voodoo.net.pl\/?page_id=8","title":{"rendered":"Strona g\u0142\u00f3wna"},"content":{"rendered":"<h2><\/h2>\n<h2 style=\"text-align: center;\"><strong>Sklep zespo\u0142u VooDoo Heavy Metal Krakow Poland. <\/strong><\/h2>\n<h2><strong>Oferujemy tutaj wydawnictwa medialne zwi\u0105zane z zespo\u0142em oraz r\u00f3\u017cnego rodzaju gad\u017cety. Dost\u0119pne obecnie s\u0105 P\u0141YTY, T-SHIRTY, NASZYWKI oraz GAD\u017bETY.<\/strong><\/h2>\n","protected":false},"excerpt":{"rendered":"<p>Sklep zespo\u0142u VooDoo Heavy Metal Krakow Poland. Oferujemy tutaj wydawnictwa medialne zwi\u0105zane z zespo\u0142em oraz r\u00f3\u017cnego rodzaju gad\u017cety. Dost\u0119pne obecnie s\u0105 P\u0141YTY, T-SHIRTY, NASZYWKI oraz&hellip; <\/p>\n","protected":false},"author":1,"featured_media":130,"parent":0,"menu_order":0,"comment_status":"closed","ping_status":"closed","template":"","meta":{"footnotes":""},"class_list":["post-8","page","type-page","status-publish","has-post-thumbnail","hentry"],"_links":{"self":[{"href":"https:\/\/sklep.voodoo.net.pl\/index.php?rest_route=\/wp\/v2\/pages\/8","targetHints":{"allow":["GET"]}}],"collection":[{"href":"https:\/\/sklep.voodoo.net.pl\/index.php?rest_route=\/wp\/v2\/pages"}],"about":[{"href":"https:\/\/sklep.voodoo.net.pl\/index.php?rest_route=\/wp\/v2\/types\/page"}],"author":[{"embeddable":true,"href":"https:\/\/sklep.voodoo.net.pl\/index.php?rest_route=\/wp\/v2\/users\/1"}],"replies":[{"embeddable":true,"href":"https:\/\/sklep.voodoo.net.pl\/index.php?rest_route=%2Fwp%2Fv2%2Fcomments&post=8"}],"version-history":[{"count":13,"href":"https:\/\/sklep.voodoo.net.pl\/index.php?rest_route=\/wp\/v2\/pages\/8\/revisions"}],"predecessor-version":[{"id":133,"href":"https:\/\/sklep.voodoo.net.pl\/index.php?rest_route=\/wp\/v2\/pages\/8\/revisions\/133"}],"wp:featuredmedia":[{"embeddable":true,"href":"https:\/\/sklep.voodoo.net.pl\/index.php?rest_route=\/wp\/v2\/media\/130"}],"wp:attachment":[{"href":"https:\/\/sklep.voodoo.net.pl\/index.php?rest_route=%2Fwp%2Fv2%2Fmedia&parent=8"}],"curies":[{"name":"wp","href":"https:\/\/api.w.org\/{rel}","templated":true}]}}