{"id":97,"date":"2019-04-22T06:18:01","date_gmt":"2019-04-22T04:18:01","guid":{"rendered":"https:\/\/sklep.voodoo.net.pl\/?page_id=97"},"modified":"2021-12-12T06:28:43","modified_gmt":"2021-12-12T05:28:43","slug":"regulamin-sklepu","status":"publish","type":"page","link":"https:\/\/sklep.voodoo.net.pl\/?page_id=97","title":{"rendered":"Regulamin sklepu"},"content":{"rendered":"\n<p>Regulamin sklepu &#8211; Postanowienia og\u00f3lne<\/p>\n\n\n\n<p>Sklep internetowy <em>(dalej zwany \u201eSklep\u201d)<\/em> prowadzi sprzeda\u017c detaliczn\u0105 za po\u015brednictwem Internetu, na podstawie niniejszego Regulaminu (<em>dalej zwanym \u201eRegulamin\u201d)<\/em><\/p>\n\n\n\n<p>W\u0142a\u015bcicielem Sklepu jest zesp\u00f3\u0142 VooDoo reprezentowany i \u015bwiadcz\u0105cy sprzeda\u017c przez: <\/p>\n\n\n\n<p>VooDoo Krak\u00f3w, e-mail: biuro@sklep.voodoo.net.pl<\/p>\n\n\n\n<p>Regulamin jest integraln\u0105 cz\u0119\u015bci\u0105 umowy sprzeda\u017cy zawieranej z Klientem.<\/p>\n\n\n\n<ul class=\"wp-block-list\"><li>Warunkiem zawarcia umowy sprzeda\u017cy jest akceptacja Regulaminu przez Klienta.<\/li><li>Ceny podane w Sklepie s\u0105 cenami brutto (zawieraj\u0105 podatek VAT).<\/li><li>Towary dost\u0119pne w Sklepie s\u0105 wolne od wad fizycznych i prawnych.<\/li><\/ul>\n\n\n\n<p>Zam\u00f3wienia<\/p>\n\n\n\n<ol class=\"wp-block-list\"><li>Zam\u00f3wienia mo\u017cna sk\u0142ada\u0107 <strong>tylko poprzez formularz zakupu towaru dost\u0119pny na stronie internetowej Sklepu<\/strong>.<\/li><\/ol>\n\n\n\n<p>Warunkiem realizacji zam\u00f3wienia jest podanie przez Klienta danych pozwalaj\u0105cych na weryfikacj\u0119 Klienta i odbiorcy towaru. Sklep potwierdza przyj\u0119cie zam\u00f3wienia mailem lub telefonicznie. Sklep ma prawo odm\u00f3wi\u0107 przyj\u0119cia zam\u00f3wienia, ograniczy\u0107 spos\u00f3b p\u0142atno\u015bci lub \u017c\u0105da\u0107 przedp\u0142aty w przypadku, gdy zam\u00f3wienie budzi uzasadnione w\u0105tpliwo\u015bci co do prawdziwo\u015bci i rzetelno\u015bci podanych danych b\u0105d\u017a sposobu zap\u0142aty.<\/p>\n\n\n\n<ul class=\"wp-block-list\"><li>Dla stron wi\u0105\u017c\u0105ce s\u0105 informacje zawarte na stronie internetowej Sklepu przy kupowanym towarze w momencie z\u0142o\u017cenia zam\u00f3wienia, w szczeg\u00f3lno\u015bci: cena, charakterystyka towaru, jego cechy, elementy wchodz\u0105ce w sk\u0142ad zestawu, termin i spos\u00f3b dostawy.<\/li><li>W przypadku w\u0105tpliwo\u015bci dotycz\u0105cej towaru prosimy o kontakt. Klient sk\u0142adaj\u0105c zam\u00f3wienie sk\u0142ada ofert\u0119 zakupu okre\u015blonego towaru. Do zawarcia umowy sprzeda\u017cy dochodzi z chwil\u0105 potwierdzenia Zam\u00f3wienia przez Klienta.<\/li><\/ul>\n\n\n\n<p>P\u0142atno\u015bci<\/p>\n\n\n\n<ul class=\"wp-block-list\"><li>Klient ma do wyboru nast\u0119puj\u0105ce formy p\u0142atno\u015bci:<\/li><\/ul>\n\n\n\n<p><\/p>\n\n\n\n<ol class=\"wp-block-list\"><li><strong>przelewem <\/strong>\u2013 w\u00f3wczas Sklep rezerwuje towar w magazynie i wysy\u0142a go na adres wskazany przez Klienta po zaksi\u0119gowaniu wp\u0142aty na rachunku bankowym wskazanym w tym celu na stronie internetowej Sklepu b\u0105d\u017a w e-mailu do Klienta<\/li><li>w inny spos\u00f3b, je\u017celi jest on okre\u015blony na stronie internetowej Sklepu<\/li><\/ol>\n\n\n\n<ul class=\"wp-block-list\"><li>Ceny przesy\u0142ek okre\u015blone s\u0105 w cenniku dostawy.<\/li><li>Warunkiem wydania towaru jest zap\u0142ata za towar i przesy\u0142k\u0119.<\/li><\/ul>\n\n\n\n<p>Wysy\u0142ka towaru<\/p>\n\n\n\n<p>Zam\u00f3wiony towar Sklep wysy\u0142a za po\u015brednictwem firm wysy\u0142kowych &#8211;  Poczty Polskiej lub firmy kurierskiej.<\/p>\n\n\n\n<p>Reklamacje<\/p>\n\n\n\n<ul class=\"wp-block-list\"><li>Podstaw\u0105 przyj\u0119cia reklamacji jest przedstawienie przez Klienta dowodu zakupu towaru (karta gwarancyjna, paragon fiskalny, faktura VAT, potwierdzenie przelewu, kopia zam\u00f3wienia itp.).<\/li><li>W przypadku niezgodno\u015bci towaru z umow\u0105 Klient powinien odes\u0142a\u0107 do Sklepu reklamowany towar wraz z opisem niezgodno\u015bci.<\/li><li>Sklep ustosunkowuje si\u0119 do reklamacji Klienta w terminie 14 dni roboczych od momentu zwrotu towaru wraz z opisem niezgodno\u015bci. W przypadku, gdy weryfikacja niezgodno\u015bci wymaga zasi\u0119gni\u0119cia opinii bieg\u0142ego, b\u0105d\u017a przedstawiciela producenta towaru, termin do ustosunkowania si\u0119 Sklepu ulega przed\u0142u\u017ceniu o czas uzyskania przez Sklep takiej opinii.<\/li><li>Gdy realizacja uzasadnionej reklamacji wi\u0105\u017ce si\u0119 z wys\u0142aniem Klientowi nowego towaru b\u0105d\u017a usuni\u0119cia niezgodno\u015bci, koszty dostaw ponosi Sklep.<\/li><li>Indywidualne ustawienia komputera i monitora Klienta powoduj\u0105ce b\u0142\u0119dne lub zniekszta\u0142cone wy\u015bwietlanie informacji o towarach (np. kolor\u00f3w), nie mog\u0105 by\u0107 podstaw\u0105 reklamacji.<\/li><li>Reklamacje ilo\u015bciowe lub zwi\u0105zane z uszkodzeniami w transporcie (czyli niekompletno\u015b\u0107 dostawy, towar uszkodzony) prosimy sk\u0142ada\u0107 niezw\u0142ocznie: uszkodzenia transportowe do 2 dni; niekompletno\u015b\u0107 dostawy (niezgodno\u015bci ilo\u015bciowe) do 14 dni. W razie w\u0105tpliwo\u015bci, zapraszamy do kontaktu pod adresem<strong> <\/strong><a rel=\"noreferrer noopener\" aria-label=\"e-mail sklepu (KONTAKT) (otwiera si\u0119 na nowej zak\u0142adce)\" href=\"https:\/\/sklep.voodoo.net.pl\/?page_id=10\" target=\"_blank\"><strong>e-mail sklepu (KONTAKT)<\/strong><\/a><strong>.<\/strong> Udzielimy Ci wskaz\u00f3wek, jak szybko i bezproblemowo przeprowadzi\u0107 reklamacj\u0119.<\/li><\/ul>\n\n\n\n<p>Prawo odst\u0105pienia od umowy<em> (dotyczy Konsument\u00f3w)<\/em><\/p>\n\n\n\n<ol class=\"wp-block-list\"><li>Na podstawie Ustawy o ochronie niekt\u00f3rych praw konsument\u00f3w oraz o odpowiedzialno\u015bci za szkod\u0119 wyrz\u0105dzon\u0105 przez produkt niebezpieczny z dnia 2 marca 2000 r. Klient ma prawo odst\u0105pienia od umowy.<\/li><li>Prawo odst\u0105pienia od umowy jest skuteczne je\u017celi Klient z\u0142o\u017cy Sklepowi, w terminie 14 dni od odbioru towaru, o\u015bwiadczenie o odst\u0105pieniu od umowy.<\/li><li>Klient zwraca towar do Sklepu w terminie 14 dni od z\u0142o\u017cenia o\u015bwiadczenia o odst\u0105pieniu od umowy. Zwr\u00f3cony towar powinien by\u0107 w stanie nienaruszonym, w tym powinien by\u0107 kompletny, najlepiej w fabrycznym opakowaniu, nie mo\u017ce nosi\u0107 \u015blad\u00f3w eksploatacji. Koszty przesy\u0142ki ponosi Klient.<\/li><li>W ci\u0105gu 3 dni roboczych od otrzymania przesy\u0142ki, Sklep sprawdzi stan przekazanego produktu.<\/li><li>W terminie 7 dni od sprawdzenia towaru Sklep zwraca Klientowi zap\u0142acon\u0105 kwot\u0119 na rachunek bankowy wskazany przez Klienta. Klient powinien wskaza\u0107 numer rachunku bankowego, na jaki ma zosta\u0107 przelana zwracana kwota. <\/li><li>W przypadku naruszenia przez Klienta warunk\u00f3w okre\u015blonych w ust 2 i 3 powy\u017cej o\u015bwiadczenie o odst\u0105pieniu od umowy jest bezskuteczne, towar nie podlega zwrotowi, a Sklep nie zwraca Klientowi zap\u0142aconej kwoty. W przypadkach szczeg\u00f3lnych mo\u017cliwe s\u0105 negocjacje \u2013 nale\u017cy skontaktowa\u0107 si\u0119 z obs\u0142ug\u0105 sklepu.<\/li><li>Prawo odst\u0105pienia nie przys\u0142uguje Klientowi w przypadkach okre\u015blonych w art. 10 ust. 3 ustawy okre\u015blonej w ust. 1 powy\u017cej, tj. w zakresie:<\/li><\/ol>\n\n\n\n<p>a) \u015bwiadczenia us\u0142ug rozpocz\u0119tych, za zgod\u0105 Klienta, przed up\u0142ywem terminu odst\u0105pienia od umowy (dotyczy przypadk\u00f3w \u015bwiadczenia us\u0142ug, a nie sprzeda\u017cy towar\u00f3w),<\/p>\n\n\n\n<p>b) nagra\u0144 audio i wizualnych oraz zapisanych na informatycznych no\u015bnikach danych po usuni\u0119ciu przez Klienta ich oryginalnego opakowania,<\/p>\n\n\n\n<p>c) um\u00f3w dotycz\u0105cych \u015bwiadcze\u0144, za kt\u00f3re cena lub wynagrodzenie zale\u017cy wy\u0142\u0105cznie od ruchu cen na rynku finansowym,<\/p>\n\n\n\n<p>d) \u015bwiadcze\u0144 o w\u0142a\u015bciwo\u015bciach okre\u015blonych przez Klienta w z\u0142o\u017conym przez niego zam\u00f3wieniu lub \u015bci\u015ble zwi\u0105zanych z jego osob\u0105,<\/p>\n\n\n\n<p><strong>W\u0142asno\u015b\u0107 intelektualna<\/strong><\/p>\n\n\n\n<p><strong>Zabrania si\u0119 wykorzystywania jakichkolwiek materia\u0142\u00f3w publikowanych na stronie internetowej Sklepu (w tym zdj\u0119\u0107, video i opis\u00f3w towar\u00f3w) bez pisemnej zgody Sklepu.<\/strong><\/p>\n\n\n\n<p>Wej\u015bcie w \u017cycie i zmiany Regulaminu<\/p>\n\n\n\n<ul class=\"wp-block-list\"><li>Regulamin wchodzi w \u017cycie z dniem publikacji na stronie internetowej Sklepu.<\/li><li>Sklep zastrzega sobie mo\u017cliwo\u015b\u0107 zmian w Regulaminie, kt\u00f3re wchodz\u0105 w \u017cycie z dniem ich publikacji na stronie internetowej Sklepu. Do um\u00f3w zawartych przed zmian\u0105 Regulaminu stosuje si\u0119 wersj\u0119 Regulaminu obowi\u0105zuj\u0105c\u0105 w dacie z\u0142o\u017cenia Zam\u00f3wienia przez Klienta.<\/li><\/ul>\n","protected":false},"excerpt":{"rendered":"<p>Regulamin sklepu &#8211; Postanowienia og\u00f3lne Sklep internetowy (dalej zwany \u201eSklep\u201d) prowadzi sprzeda\u017c detaliczn\u0105 za po\u015brednictwem Internetu, na podstawie niniejszego Regulaminu (dalej zwanym \u201eRegulamin\u201d) W\u0142a\u015bcicielem Sklepu&hellip; <\/p>\n","protected":false},"author":1,"featured_media":0,"parent":0,"menu_order":0,"comment_status":"closed","ping_status":"closed","template":"","meta":{"footnotes":""},"class_list":["post-97","page","type-page","status-publish","hentry"],"_links":{"self":[{"href":"https:\/\/sklep.voodoo.net.pl\/index.php?rest_route=\/wp\/v2\/pages\/97","targetHints":{"allow":["GET"]}}],"collection":[{"href":"https:\/\/sklep.voodoo.net.pl\/index.php?rest_route=\/wp\/v2\/pages"}],"about":[{"href":"https:\/\/sklep.voodoo.net.pl\/index.php?rest_route=\/wp\/v2\/types\/page"}],"author":[{"embeddable":true,"href":"https:\/\/sklep.voodoo.net.pl\/index.php?rest_route=\/wp\/v2\/users\/1"}],"replies":[{"embeddable":true,"href":"https:\/\/sklep.voodoo.net.pl\/index.php?rest_route=%2Fwp%2Fv2%2Fcomments&post=97"}],"version-history":[{"count":15,"href":"https:\/\/sklep.voodoo.net.pl\/index.php?rest_route=\/wp\/v2\/pages\/97\/revisions"}],"predecessor-version":[{"id":457,"href":"https:\/\/sklep.voodoo.net.pl\/index.php?rest_route=\/wp\/v2\/pages\/97\/revisions\/457"}],"wp:attachment":[{"href":"https:\/\/sklep.voodoo.net.pl\/index.php?rest_route=%2Fwp%2Fv2%2Fmedia&parent=97"}],"curies":[{"name":"wp","href":"https:\/\/api.w.org\/{rel}","templated":true}]}}