{"id":177,"date":"2019-04-22T13:08:41","date_gmt":"2019-04-22T11:08:41","guid":{"rendered":"https:\/\/sklep.voodoo.net.pl\/?post_type=product&#038;p=177"},"modified":"2026-03-12T20:12:14","modified_gmt":"2026-03-12T19:12:14","slug":"plakat-okladka-plyty-mmxix-2019","status":"publish","type":"product","link":"https:\/\/sklep.voodoo.net.pl\/?product=plakat-okladka-plyty-mmxix-2019","title":{"rendered":"Plakat &#8211; ok\u0142adka p\u0142yty &#8222;MMXIX&#8221; 2019"},"content":{"rendered":"<p>Plakat &#8211; ok\u0142adka p\u0142yty &#8222;MMXIX&#8221; 2019 front. Rozmiar A3, papier foto, full color.<\/p>\n<p><em>(wersja bez napisu &#8222;Nowa p\u0142yta&#8221;)<\/em><\/p>\n<p>&nbsp;<\/p>\n","protected":false},"excerpt":{"rendered":"<p>Plakat &#8211; ok\u0142adka p\u0142yty &#8222;MMXIX&#8221; 2019 front. Rozmiar A3, papier foto, full color.<\/p>\n<p><em>(wersja bez napisu &#8222;Nowa p\u0142yta&#8221;)<\/em><\/p>\n","protected":false},"featured_media":178,"template":"","meta":[],"product_brand":[],"product_cat":[17],"product_tag":[],"class_list":{"0":"post-177","1":"product","2":"type-product","3":"status-publish","4":"has-post-thumbnail","6":"product_cat-bez-kategorii","7":"product_shipping_class-poczta-polska","9":"first","10":"instock","11":"taxable","12":"shipping-taxable","13":"purchasable","14":"product-type-simple"},"_links":{"self":[{"href":"https:\/\/sklep.voodoo.net.pl\/index.php?rest_route=\/wp\/v2\/product\/177","targetHints":{"allow":["GET"]}}],"collection":[{"href":"https:\/\/sklep.voodoo.net.pl\/index.php?rest_route=\/wp\/v2\/product"}],"about":[{"href":"https:\/\/sklep.voodoo.net.pl\/index.php?rest_route=\/wp\/v2\/types\/product"}],"wp:featuredmedia":[{"embeddable":true,"href":"https:\/\/sklep.voodoo.net.pl\/index.php?rest_route=\/wp\/v2\/media\/178"}],"wp:attachment":[{"href":"https:\/\/sklep.voodoo.net.pl\/index.php?rest_route=%2Fwp%2Fv2%2Fmedia&parent=177"}],"wp:term":[{"taxonomy":"product_brand","embeddable":true,"href":"https:\/\/sklep.voodoo.net.pl\/index.php?rest_route=%2Fwp%2Fv2%2Fproduct_brand&post=177"},{"taxonomy":"product_cat","embeddable":true,"href":"https:\/\/sklep.voodoo.net.pl\/index.php?rest_route=%2Fwp%2Fv2%2Fproduct_cat&post=177"},{"taxonomy":"product_tag","embeddable":true,"href":"https:\/\/sklep.voodoo.net.pl\/index.php?rest_route=%2Fwp%2Fv2%2Fproduct_tag&post=177"}],"curies":[{"name":"wp","href":"https:\/\/api.w.org\/{rel}","templated":true}]}}